{"id":351,"date":"2018-02-20T22:54:09","date_gmt":"2018-02-20T21:54:09","guid":{"rendered":"http:\/\/zofianatra.org\/?page_id=351"},"modified":"2025-08-11T16:35:30","modified_gmt":"2025-08-11T14:35:30","slug":"nos-objectifs","status":"publish","type":"page","link":"https:\/\/zofianatra.com\/index.php\/nos-objectifs\/","title":{"rendered":"Nos objectifs"},"content":{"rendered":"<h1><span style=\"font-family: 'comic sans ms', sans-serif;\">NOS OBJECTIFS<\/span><\/h1>\n<p style=\"text-align: justify;\"><span style=\"font-family: 'comic sans ms', sans-serif;\">Zo Fianatra a plac\u00e9 l\u2019acc\u00e8s \u00e0 l\u2019\u00e9ducation des enfants au c\u0153ur de ses priorit\u00e9s, en s\u2019appuyant sur diff\u00e9rents moyens\u00a0:<\/span><\/p>\n<p><img loading=\"lazy\" decoding=\"async\" class=\"size-medium wp-image-683 alignright\" src=\"https:\/\/zofianatra.com\/wp-content\/uploads\/2025\/08\/Capture-decran-2025-08-11-122800-300x201.jpg\" alt=\"\" width=\"300\" height=\"201\" srcset=\"https:\/\/zofianatra.com\/wp-content\/uploads\/2025\/08\/Capture-decran-2025-08-11-122800-300x201.jpg 300w, https:\/\/zofianatra.com\/wp-content\/uploads\/2025\/08\/Capture-decran-2025-08-11-122800-768x514.jpg 768w, https:\/\/zofianatra.com\/wp-content\/uploads\/2025\/08\/Capture-decran-2025-08-11-122800.jpg 960w\" sizes=\"auto, (max-width: 300px) 100vw, 300px\" \/><\/p>\n<ul>\n<li style=\"text-align: justify;\"><span style=\"font-family: 'comic sans ms', sans-serif;\"><span style=\"font-family: 'comic sans ms', sans-serif;\">Veiller \u00e0 ce que chaque enfant puisse jouir de son droit \u00e0 l\u2019\u00e9ducation, y compris dans les situations d\u2019urgence. Familles et communaut\u00e9s sont sensibilis\u00e9es \u00e0 l\u2019importance de l\u2019\u00e9cole pour l\u2019avenir de leurs enfants, notamment par des \u00e9l\u00e8ves relais de l\u2019enseignement dans leur communaut\u00e9.<\/span><\/span><\/li>\n<\/ul>\n<ul>\n<li style=\"text-align: justify;\"><span style=\"font-family: 'comic sans ms', sans-serif;\"><span style=\"font-family: 'comic sans ms', sans-serif;\">Construire et r\u00e9nover des \u00e9coles.<\/span><\/span><\/li>\n<li style=\"text-align: justify;\"><span style=\"font-family: 'comic sans ms', sans-serif;\"><span style=\"font-family: 'comic sans ms', sans-serif;\">Renforcer l\u2019acc\u00e8s des enfants \u00e0 l\u2019apprentissage pour leur permettre d\u2019acqu\u00e9rir des connaissances et des comp\u00e9tences essentielles dans leur vie quotidienne, et d\u2019utiliser au mieux leurs capacit\u00e9s.<\/span><\/span><\/li>\n<li style=\"text-align: justify;\"><span style=\"font-family: 'comic sans ms', sans-serif;\"><span style=\"font-family: 'comic sans ms', sans-serif;\">Apporter une aide \u00e0 l\u2019\u00e9ducation : soutien scolaire, financier et mat\u00e9riel.<\/span><\/span><\/li>\n<li style=\"text-align: justify;\"><span style=\"font-family: 'comic sans ms', sans-serif;\"><span style=\"font-family: 'comic sans ms', sans-serif;\">Am\u00e9liorer la qualit\u00e9 de l\u2019\u00e9ducation, en formant des enseignants et en soutenant des projets p\u00e9dagogiques innovants centr\u00e9s sur la participation des \u00e9l\u00e8ves.<\/span><\/span><\/li>\n<li style=\"text-align: justify;\"><span style=\"font-family: 'comic sans ms', sans-serif;\"><span style=\"font-family: 'comic sans ms', sans-serif;\">Mettre en place des centres d\u2019\u00e9ducation sp\u00e9cialis\u00e9s pour les enfants travailleurs<img loading=\"lazy\" decoding=\"async\" class=\"size-medium wp-image-688 aligncenter\" src=\"https:\/\/zofianatra.com\/wp-content\/uploads\/2025\/08\/WhatsApp-Image-2025-08-11-a-15.32.18_fbdb97e7-200x300.jpg\" alt=\"\" width=\"200\" height=\"300\" srcset=\"https:\/\/zofianatra.com\/wp-content\/uploads\/2025\/08\/WhatsApp-Image-2025-08-11-a-15.32.18_fbdb97e7-200x300.jpg 200w, https:\/\/zofianatra.com\/wp-content\/uploads\/2025\/08\/WhatsApp-Image-2025-08-11-a-15.32.18_fbdb97e7.jpg 640w\" sizes=\"auto, (max-width: 200px) 100vw, 200px\" \/><\/span><\/span><\/li>\n<\/ul>\n<ul>\n<li style=\"text-align: justify;\"><span style=\"font-family: 'comic sans ms', sans-serif;\"><span style=\"font-family: 'comic sans ms', sans-serif;\">Promouvoir l\u2019enregistrement des naissances pour que les enfants puissent disposer de leurs droits essentiels et notamment, pouvoir \u00eatre inscrits \u00e0 l\u2019\u00e9cole.<\/span><\/span><\/li>\n<li style=\"text-align: justify;\"><span style=\"font-family: 'comic sans ms', sans-serif;\"><span style=\"font-family: 'comic sans ms', sans-serif;\">Permettre que l\u2019environnement scolaire soit s\u00fbr pour l\u2019enfant (par exemple \u00e0 travers la mise en place de toilettes s\u00e9par\u00e9es pour les filles et les gar\u00e7ons, de codes de conduite pour le personnel \u00e9ducatif vis-\u00e0-vis des diff\u00e9rentes formes de violence pouvant survenir \u00e0 l\u2019\u00e9cole&#8230;).<\/span><\/span><\/li>\n<li style=\"text-align: justify;\"><span style=\"font-family: 'comic sans ms', sans-serif;\">Faire en sorte que les m\u00e9thodes p\u00e9dagogiques utilis\u00e9es et la gouvernance scolaire favorisent le respect des droits de l\u2019enfant<\/span><\/li>\n<\/ul>\n","protected":false},"excerpt":{"rendered":"<p>NOS OBJECTIFS Zo Fianatra a plac\u00e9 l\u2019acc\u00e8s \u00e0 l\u2019\u00e9ducation des enfants au c\u0153ur de ses priorit\u00e9s, en s\u2019appuyant sur diff\u00e9rents moyens\u00a0: Veiller \u00e0 ce que chaque enfant puisse jouir de son droit \u00e0 l\u2019\u00e9ducation, y compris dans les situations d\u2019urgence.<\/p>\n","protected":false},"author":1,"featured_media":0,"parent":0,"menu_order":0,"comment_status":"closed","ping_status":"closed","template":"","meta":{"footnotes":""},"class_list":["post-351","page","type-page","status-publish","hentry"],"_links":{"self":[{"href":"https:\/\/zofianatra.com\/index.php\/wp-json\/wp\/v2\/pages\/351","targetHints":{"allow":["GET"]}}],"collection":[{"href":"https:\/\/zofianatra.com\/index.php\/wp-json\/wp\/v2\/pages"}],"about":[{"href":"https:\/\/zofianatra.com\/index.php\/wp-json\/wp\/v2\/types\/page"}],"author":[{"embeddable":true,"href":"https:\/\/zofianatra.com\/index.php\/wp-json\/wp\/v2\/users\/1"}],"replies":[{"embeddable":true,"href":"https:\/\/zofianatra.com\/index.php\/wp-json\/wp\/v2\/comments?post=351"}],"version-history":[{"count":24,"href":"https:\/\/zofianatra.com\/index.php\/wp-json\/wp\/v2\/pages\/351\/revisions"}],"predecessor-version":[{"id":692,"href":"https:\/\/zofianatra.com\/index.php\/wp-json\/wp\/v2\/pages\/351\/revisions\/692"}],"wp:attachment":[{"href":"https:\/\/zofianatra.com\/index.php\/wp-json\/wp\/v2\/media?parent=351"}],"curies":[{"name":"wp","href":"https:\/\/api.w.org\/{rel}","templated":true}]}}